{"id":1254,"date":"2024-01-05T04:30:33","date_gmt":"2024-01-05T04:30:33","guid":{"rendered":"https:\/\/doctorcabanillas.com\/?page_id=1254"},"modified":"2024-04-22T06:21:33","modified_gmt":"2024-04-22T06:21:33","slug":"articulos","status":"publish","type":"page","link":"https:\/\/doctorcabanillas.com\/en\/articulos\/","title":{"rendered":"Articles"},"content":{"rendered":"<h2 class=\"gb-headline gb-headline-1c202629 gb-headline-text gb-headline-Headline-page\">Learning and caring<\/h2><p class=\"gb-headline gb-headline-8b9d2a22 gb-headline-text\">Committed to the quality of care, we keep up to date on the latest advances in geriatrics.<\/p><div class=\"gb-container gb-container-51e5b486 alignfull\">\n<div class=\"gb-container gb-container-a466dbd8 gb-container-main\">\n<div class=\"gb-grid-wrapper gb-grid-wrapper-6d9f73d5 gb-query-loop-wrapper\"><div class=\"gb-grid-column gb-grid-column-2f9560b3 gb-query-loop-item post-1913 post type-post status-publish format-standard has-post-thumbnail hentry category-articulos\"><article class=\"gb-container gb-container-2f9560b3\">\n<figure class=\"gb-block-image gb-block-image-5d9deb21\"><a href=\"https:\/\/doctorcabanillas.com\/en\/articulos\/el-insomnio-en-el-adulto-mayor-comprension-y-cuidados-para-un-mejor-descanso\/\"><img loading=\"lazy\" decoding=\"async\" width=\"600\" height=\"338\" src=\"https:\/\/doctorcabanillas.com\/wp-content\/uploads\/2024\/03\/post-insomio.jpg\" class=\"gb-image-5d9deb21\" alt=\"\" srcset=\"https:\/\/doctorcabanillas.com\/wp-content\/uploads\/2024\/03\/post-insomio.jpg 600w, https:\/\/doctorcabanillas.com\/wp-content\/uploads\/2024\/03\/post-insomio-300x169.jpg 300w\" sizes=\"(max-width: 600px) 100vw, 600px\" \/><\/a><\/figure>\n\n<div class=\"gb-container gb-container-1a30aeef\">\n<h3 class=\"gb-headline gb-headline-1976d80d gb-headline-text\"><a href=\"https:\/\/doctorcabanillas.com\/en\/articulos\/el-insomnio-en-el-adulto-mayor-comprension-y-cuidados-para-un-mejor-descanso\/\">Insomnia in the older adult: understanding and care for a better rest<\/a><\/h3>\n\n<div class=\"gb-headline gb-headline-fef30454 gb-headline-text\"><a href=\"https:\/\/doctorcabanillas.com\/en\/articulos\/el-insomnio-en-el-adulto-mayor-comprension-y-cuidados-para-un-mejor-descanso\/\">In our commitment to the well-being of older people, and today we discussed about insomnia, a problem that affects many ... <a class=\"gb-dynamic-read-more\" href=\"https:\/\/doctorcabanillas.com\/en\/articulos\/el-insomnio-en-el-adulto-mayor-comprension-y-cuidados-para-un-mejor-descanso\/\" aria-label=\"More on El insomnio en el adulto mayor: comprensi\u00f3n y cuidados para un mejor descanso\">Read more<\/a><\/a><\/div>\n<\/div>\n<\/article><\/div><div class=\"gb-grid-column gb-grid-column-2f9560b3 gb-query-loop-item post-2021 post type-post status-publish format-standard has-post-thumbnail hentry category-articulos\"><article class=\"gb-container gb-container-2f9560b3\">\n<figure class=\"gb-block-image gb-block-image-5d9deb21\"><a href=\"https:\/\/doctorcabanillas.com\/en\/articulos\/respondiendo-preguntas-es-igual-el-alzehimer-y-la-demencia-cenial\/\"><img loading=\"lazy\" decoding=\"async\" width=\"600\" height=\"338\" src=\"https:\/\/doctorcabanillas.com\/wp-content\/uploads\/2024\/03\/post-alzheimer.jpg\" class=\"gb-image-5d9deb21\" alt=\"\" srcset=\"https:\/\/doctorcabanillas.com\/wp-content\/uploads\/2024\/03\/post-alzheimer.jpg 600w, https:\/\/doctorcabanillas.com\/wp-content\/uploads\/2024\/03\/post-alzheimer-300x169.jpg 300w\" sizes=\"(max-width: 600px) 100vw, 600px\" \/><\/a><\/figure>\n\n<div class=\"gb-container gb-container-1a30aeef\">\n<h3 class=\"gb-headline gb-headline-1976d80d gb-headline-text\"><a href=\"https:\/\/doctorcabanillas.com\/en\/articulos\/respondiendo-preguntas-es-igual-el-alzehimer-y-la-demencia-cenial\/\">Respondiendo preguntas: \u00bfEnfermedad de Alzehimer o demencia senil?<\/a><\/h3>\n\n<div class=\"gb-headline gb-headline-fef30454 gb-headline-text\"><a href=\"https:\/\/doctorcabanillas.com\/en\/articulos\/respondiendo-preguntas-es-igual-el-alzehimer-y-la-demencia-cenial\/\">\u00a1Hola a todos! En este video, el Dr. Gerardo Cabanillas, especialista en geriatr\u00eda y envejecimiento, responde a una pregunta que &#8230; <a class=\"gb-dynamic-read-more\" href=\"https:\/\/doctorcabanillas.com\/en\/articulos\/respondiendo-preguntas-es-igual-el-alzehimer-y-la-demencia-cenial\/\" aria-label=\"More on Respondiendo preguntas: \u00bfEnfermedad de Alzehimer o demencia senil?\">Read more<\/a><\/a><\/div>\n<\/div>\n<\/article><\/div><div class=\"gb-grid-column gb-grid-column-2f9560b3 gb-query-loop-item post-2018 post type-post status-publish format-standard has-post-thumbnail hentry category-articulos\"><article class=\"gb-container gb-container-2f9560b3\">\n<figure class=\"gb-block-image gb-block-image-5d9deb21\"><a href=\"https:\/\/doctorcabanillas.com\/en\/articulos\/ketamina-riesgos-y-precauciones-ante-el-uso-indebido\/\"><img loading=\"lazy\" decoding=\"async\" width=\"600\" height=\"338\" src=\"https:\/\/doctorcabanillas.com\/wp-content\/uploads\/2024\/03\/post-ketamina.jpg\" class=\"gb-image-5d9deb21\" alt=\"\" srcset=\"https:\/\/doctorcabanillas.com\/wp-content\/uploads\/2024\/03\/post-ketamina.jpg 600w, https:\/\/doctorcabanillas.com\/wp-content\/uploads\/2024\/03\/post-ketamina-300x169.jpg 300w\" sizes=\"(max-width: 600px) 100vw, 600px\" \/><\/a><\/figure>\n\n<div class=\"gb-container gb-container-1a30aeef\">\n<h3 class=\"gb-headline gb-headline-1976d80d gb-headline-text\"><a href=\"https:\/\/doctorcabanillas.com\/en\/articulos\/ketamina-riesgos-y-precauciones-ante-el-uso-indebido\/\">Ketamine: Risks and precautions against misuse<\/a><\/h3>\n\n<div class=\"gb-headline gb-headline-fef30454 gb-headline-text\"><a href=\"https:\/\/doctorcabanillas.com\/en\/articulos\/ketamina-riesgos-y-precauciones-ante-el-uso-indebido\/\">Estuvimos en Univison hablando sobre la Ketamina, sustancia que habr\u00eda provocado la muerte al famoso actor de Friends: Matthew Perry. &#8230; <a class=\"gb-dynamic-read-more\" href=\"https:\/\/doctorcabanillas.com\/en\/articulos\/ketamina-riesgos-y-precauciones-ante-el-uso-indebido\/\" aria-label=\"More on Ketamina: Riesgos y precauciones ante el uso indebido\">Read more<\/a><\/a><\/div>\n<\/div>\n<\/article><\/div><div class=\"gb-grid-column gb-grid-column-2f9560b3 gb-query-loop-item post-1739 post type-post status-publish format-standard has-post-thumbnail hentry category-articulos\"><article class=\"gb-container gb-container-2f9560b3\">\n<figure class=\"gb-block-image gb-block-image-5d9deb21\"><a href=\"https:\/\/doctorcabanillas.com\/en\/articulos\/envejecimiento-con-vitalidad-abordando-la-perdida-de-masa-muscular-y-la-estatura\/\"><img loading=\"lazy\" decoding=\"async\" width=\"600\" height=\"338\" src=\"https:\/\/doctorcabanillas.com\/wp-content\/uploads\/2024\/03\/post-envejecimiento-con-vitalidad.jpg\" class=\"gb-image-5d9deb21\" alt=\"\" srcset=\"https:\/\/doctorcabanillas.com\/wp-content\/uploads\/2024\/03\/post-envejecimiento-con-vitalidad.jpg 600w, https:\/\/doctorcabanillas.com\/wp-content\/uploads\/2024\/03\/post-envejecimiento-con-vitalidad-300x169.jpg 300w\" sizes=\"(max-width: 600px) 100vw, 600px\" \/><\/a><\/figure>\n\n<div class=\"gb-container gb-container-1a30aeef\">\n<h3 class=\"gb-headline gb-headline-1976d80d gb-headline-text\"><a href=\"https:\/\/doctorcabanillas.com\/en\/articulos\/envejecimiento-con-vitalidad-abordando-la-perdida-de-masa-muscular-y-la-estatura\/\">Envejecimiento con vitalidad: Abordando la p\u00e9rdida de masa muscular.<\/a><\/h3>\n\n<div class=\"gb-headline gb-headline-fef30454 gb-headline-text\"><a href=\"https:\/\/doctorcabanillas.com\/en\/articulos\/envejecimiento-con-vitalidad-abordando-la-perdida-de-masa-muscular-y-la-estatura\/\">Parte del proceso de envejecimiento es la perdida de masa muscular o sarcopenia y la ganancia de masa grasa. Esta &#8230; <a class=\"gb-dynamic-read-more\" href=\"https:\/\/doctorcabanillas.com\/en\/articulos\/envejecimiento-con-vitalidad-abordando-la-perdida-de-masa-muscular-y-la-estatura\/\" aria-label=\"More on Envejecimiento con vitalidad: Abordando la p\u00e9rdida de masa muscular.\">Read more<\/a><\/a><\/div>\n<\/div>\n<\/article><\/div><div class=\"gb-grid-column gb-grid-column-2f9560b3 gb-query-loop-item post-113 post type-post status-publish format-standard has-post-thumbnail hentry category-articulos\"><article class=\"gb-container gb-container-2f9560b3\">\n<figure class=\"gb-block-image gb-block-image-5d9deb21\"><a href=\"https:\/\/doctorcabanillas.com\/en\/articulos\/como-mejorar-la-calidad-de-vida-de-las-personas-mayores\/\"><img loading=\"lazy\" decoding=\"async\" width=\"600\" height=\"338\" src=\"https:\/\/doctorcabanillas.com\/wp-content\/uploads\/2024\/03\/post-mejorando-calidad-de-vida.jpg\" class=\"gb-image-5d9deb21\" alt=\"\" srcset=\"https:\/\/doctorcabanillas.com\/wp-content\/uploads\/2024\/03\/post-mejorando-calidad-de-vida.jpg 600w, https:\/\/doctorcabanillas.com\/wp-content\/uploads\/2024\/03\/post-mejorando-calidad-de-vida-300x169.jpg 300w\" sizes=\"(max-width: 600px) 100vw, 600px\" \/><\/a><\/figure>\n\n<div class=\"gb-container gb-container-1a30aeef\">\n<h3 class=\"gb-headline gb-headline-1976d80d gb-headline-text\"><a href=\"https:\/\/doctorcabanillas.com\/en\/articulos\/como-mejorar-la-calidad-de-vida-de-las-personas-mayores\/\">How to improve the quality of life of older people.<\/a><\/h3>\n\n<div class=\"gb-headline gb-headline-fef30454 gb-headline-text\"><a href=\"https:\/\/doctorcabanillas.com\/en\/articulos\/como-mejorar-la-calidad-de-vida-de-las-personas-mayores\/\">The quality of life of the elderly is an important issue that worries many. As the ... <a class=\"gb-dynamic-read-more\" href=\"https:\/\/doctorcabanillas.com\/en\/articulos\/como-mejorar-la-calidad-de-vida-de-las-personas-mayores\/\" aria-label=\"More on C\u00f3mo mejorar la calidad de vida de las personas mayores.\">Read more<\/a><\/a><\/div>\n<\/div>\n<\/article><\/div><div class=\"gb-grid-column gb-grid-column-2f9560b3 gb-query-loop-item post-111 post type-post status-publish format-standard has-post-thumbnail hentry category-articulos\"><article class=\"gb-container gb-container-2f9560b3\">\n<figure class=\"gb-block-image gb-block-image-5d9deb21\"><a href=\"https:\/\/doctorcabanillas.com\/en\/articulos\/como-prevenir-caidas-en-personas-mayores\/\"><img loading=\"lazy\" decoding=\"async\" width=\"600\" height=\"338\" src=\"https:\/\/doctorcabanillas.com\/wp-content\/uploads\/2024\/03\/post-como-prevenir-caidas.jpg\" class=\"gb-image-5d9deb21\" alt=\"\" srcset=\"https:\/\/doctorcabanillas.com\/wp-content\/uploads\/2024\/03\/post-como-prevenir-caidas.jpg 600w, https:\/\/doctorcabanillas.com\/wp-content\/uploads\/2024\/03\/post-como-prevenir-caidas-300x169.jpg 300w\" sizes=\"(max-width: 600px) 100vw, 600px\" \/><\/a><\/figure>\n\n<div class=\"gb-container gb-container-1a30aeef\">\n<h3 class=\"gb-headline gb-headline-1976d80d gb-headline-text\"><a href=\"https:\/\/doctorcabanillas.com\/en\/articulos\/como-prevenir-caidas-en-personas-mayores\/\">How to prevent falls in older people<\/a><\/h3>\n\n<div class=\"gb-headline gb-headline-fef30454 gb-headline-text\"><a href=\"https:\/\/doctorcabanillas.com\/en\/articulos\/como-prevenir-caidas-en-personas-mayores\/\">Falls are a major cause of injury and disability in older people. In fact, it is estimated that one of ... <a class=\"gb-dynamic-read-more\" href=\"https:\/\/doctorcabanillas.com\/en\/articulos\/como-prevenir-caidas-en-personas-mayores\/\" aria-label=\"More on C\u00f3mo prevenir ca\u00eddas en personas mayores\">Read more<\/a><\/a><\/div>\n<\/div>\n<\/article><\/div><div class=\"gb-grid-column gb-grid-column-2f9560b3 gb-query-loop-item post-1 post type-post status-publish format-standard has-post-thumbnail hentry category-articulos\"><article class=\"gb-container gb-container-2f9560b3\">\n<figure class=\"gb-block-image gb-block-image-5d9deb21\"><a href=\"https:\/\/doctorcabanillas.com\/en\/articulos\/como-cuidar-a-un-adulto-mayor-con-alzheimer\/\"><img loading=\"lazy\" decoding=\"async\" width=\"600\" height=\"338\" src=\"https:\/\/doctorcabanillas.com\/wp-content\/uploads\/2024\/03\/post-cuidados-alzheimer.jpg\" class=\"gb-image-5d9deb21\" alt=\"\" srcset=\"https:\/\/doctorcabanillas.com\/wp-content\/uploads\/2024\/03\/post-cuidados-alzheimer.jpg 600w, https:\/\/doctorcabanillas.com\/wp-content\/uploads\/2024\/03\/post-cuidados-alzheimer-300x169.jpg 300w\" sizes=\"(max-width: 600px) 100vw, 600px\" \/><\/a><\/figure>\n\n<div class=\"gb-container gb-container-1a30aeef\">\n<h3 class=\"gb-headline gb-headline-1976d80d gb-headline-text\"><a href=\"https:\/\/doctorcabanillas.com\/en\/articulos\/como-cuidar-a-un-adulto-mayor-con-alzheimer\/\">How to care for an older adult with Alzheimer&#039;s disease.<\/a><\/h3>\n\n<div class=\"gb-headline gb-headline-fef30454 gb-headline-text\"><a href=\"https:\/\/doctorcabanillas.com\/en\/articulos\/como-cuidar-a-un-adulto-mayor-con-alzheimer\/\">Alzheimer&#039;s disease is a neurodegenerative disease that affects memory, thinking and behavior. It is the cause ... <a class=\"gb-dynamic-read-more\" href=\"https:\/\/doctorcabanillas.com\/en\/articulos\/como-cuidar-a-un-adulto-mayor-con-alzheimer\/\" aria-label=\"More on C\u00f3mo cuidar a un adulto mayor con Alzheimer.\">Read more<\/a><\/a><\/div>\n<\/div>\n<\/article><\/div><\/div>\n<\/div>\n<\/div>","protected":false},"excerpt":{"rendered":"<p>Aprendiendo y cuid\u00e1ndonos Comprometidos con la calidad de la atenci\u00f3n, nos mantenemos actualizados en los \u00faltimos avances de la geriatr\u00eda.<\/p>","protected":false},"author":1,"featured_media":0,"parent":0,"menu_order":0,"comment_status":"closed","ping_status":"closed","template":"","meta":{"footnotes":""},"yoast_head":"<!-- This site is optimized with the Yoast SEO plugin v21.8.1 - https:\/\/yoast.com\/wordpress\/plugins\/seo\/ -->\n<title>Art\u00edculos - Geriatr\u00eda y Medicina Interna - Dr. Gerardo Cabanillas<\/title>\n<meta name=\"robots\" content=\"index, follow, max-snippet:-1, max-image-preview:large, max-video-preview:-1\" \/>\n<link rel=\"canonical\" href=\"https:\/\/doctorcabanillas.com\/en\/articulos\/\" \/>\n<meta property=\"og:locale\" content=\"en_US\" \/>\n<meta property=\"og:type\" content=\"article\" \/>\n<meta property=\"og:title\" content=\"Art\u00edculos - Geriatr\u00eda y Medicina Interna - Dr. Gerardo Cabanillas\" \/>\n<meta property=\"og:description\" content=\"Aprendiendo y cuid\u00e1ndonos Comprometidos con la calidad de la atenci\u00f3n, nos mantenemos actualizados en los \u00faltimos avances de la geriatr\u00eda.\" \/>\n<meta property=\"og:url\" content=\"https:\/\/doctorcabanillas.com\/en\/articulos\/\" \/>\n<meta property=\"og:site_name\" content=\"Geriatr\u00eda y Medicina Interna - Dr. Gerardo Cabanillas\" \/>\n<meta property=\"article:publisher\" content=\"https:\/\/www.facebook.com\/dr.gerardocabanillas\" \/>\n<meta property=\"article:modified_time\" content=\"2024-04-22T06:21:33+00:00\" \/>\n<meta name=\"twitter:card\" content=\"summary_large_image\" \/>\n<script type=\"application\/ld+json\" class=\"yoast-schema-graph\">{\"@context\":\"https:\/\/schema.org\",\"@graph\":[{\"@type\":\"WebPage\",\"@id\":\"https:\/\/doctorcabanillas.com\/en\/articulos\/\",\"url\":\"https:\/\/doctorcabanillas.com\/en\/articulos\/\",\"name\":\"Art\u00edculos - Geriatr\u00eda y Medicina Interna - Dr. Gerardo Cabanillas\",\"isPartOf\":{\"@id\":\"https:\/\/doctorcabanillas.com\/#website\"},\"datePublished\":\"2024-01-05T04:30:33+00:00\",\"dateModified\":\"2024-04-22T06:21:33+00:00\",\"breadcrumb\":{\"@id\":\"https:\/\/doctorcabanillas.com\/en\/articulos\/#breadcrumb\"},\"inLanguage\":\"en-US\",\"potentialAction\":[{\"@type\":\"ReadAction\",\"target\":[\"https:\/\/doctorcabanillas.com\/en\/articulos\/\"]}]},{\"@type\":\"BreadcrumbList\",\"@id\":\"https:\/\/doctorcabanillas.com\/en\/articulos\/#breadcrumb\",\"itemListElement\":[{\"@type\":\"ListItem\",\"position\":1,\"name\":\"Portada\",\"item\":\"https:\/\/doctorcabanillas.com\/\"},{\"@type\":\"ListItem\",\"position\":2,\"name\":\"Art\u00edculos\"}]},{\"@type\":\"WebSite\",\"@id\":\"https:\/\/doctorcabanillas.com\/#website\",\"url\":\"https:\/\/doctorcabanillas.com\/\",\"name\":\"Doctor Cabanillas\",\"description\":\"Geriatr\u00eda, Medicina Interna e Investigaci\u00f3n.\",\"publisher\":{\"@id\":\"https:\/\/doctorcabanillas.com\/#organization\"},\"potentialAction\":[{\"@type\":\"SearchAction\",\"target\":{\"@type\":\"EntryPoint\",\"urlTemplate\":\"https:\/\/doctorcabanillas.com\/?s={search_term_string}\"},\"query-input\":\"required name=search_term_string\"}],\"inLanguage\":\"en-US\"},{\"@type\":\"Organization\",\"@id\":\"https:\/\/doctorcabanillas.com\/#organization\",\"name\":\"Doctor Gerardo Cabanillas\",\"url\":\"https:\/\/doctorcabanillas.com\/\",\"logo\":{\"@type\":\"ImageObject\",\"inLanguage\":\"en-US\",\"@id\":\"https:\/\/doctorcabanillas.com\/#\/schema\/logo\/image\/\",\"url\":\"https:\/\/doctorcabanillas.com\/wp-content\/uploads\/2024\/02\/cropped-Gerardo-Cabnillas.png\",\"contentUrl\":\"https:\/\/doctorcabanillas.com\/wp-content\/uploads\/2024\/02\/cropped-Gerardo-Cabnillas.png\",\"width\":565,\"height\":272,\"caption\":\"Doctor Gerardo Cabanillas\"},\"image\":{\"@id\":\"https:\/\/doctorcabanillas.com\/#\/schema\/logo\/image\/\"},\"sameAs\":[\"https:\/\/www.facebook.com\/dr.gerardocabanillas\",\"https:\/\/www.instagram.com\/dr.gerardocabanillas\",\"https:\/\/www.linkedin.com\/in\/gcabanillasmd\"]}]}<\/script>\n<!-- \/ Yoast SEO plugin. -->","yoast_head_json":{"title":"Art\u00edculos - Geriatr\u00eda y Medicina Interna - Dr. Gerardo Cabanillas","robots":{"index":"index","follow":"follow","max-snippet":"max-snippet:-1","max-image-preview":"max-image-preview:large","max-video-preview":"max-video-preview:-1"},"canonical":"https:\/\/doctorcabanillas.com\/en\/articulos\/","og_locale":"en_US","og_type":"article","og_title":"Art\u00edculos - Geriatr\u00eda y Medicina Interna - Dr. Gerardo Cabanillas","og_description":"Aprendiendo y cuid\u00e1ndonos Comprometidos con la calidad de la atenci\u00f3n, nos mantenemos actualizados en los \u00faltimos avances de la geriatr\u00eda.","og_url":"https:\/\/doctorcabanillas.com\/en\/articulos\/","og_site_name":"Geriatr\u00eda y Medicina Interna - Dr. Gerardo Cabanillas","article_publisher":"https:\/\/www.facebook.com\/dr.gerardocabanillas","article_modified_time":"2024-04-22T06:21:33+00:00","twitter_card":"summary_large_image","schema":{"@context":"https:\/\/schema.org","@graph":[{"@type":"WebPage","@id":"https:\/\/doctorcabanillas.com\/en\/articulos\/","url":"https:\/\/doctorcabanillas.com\/en\/articulos\/","name":"Art\u00edculos - Geriatr\u00eda y Medicina Interna - Dr. Gerardo Cabanillas","isPartOf":{"@id":"https:\/\/doctorcabanillas.com\/#website"},"datePublished":"2024-01-05T04:30:33+00:00","dateModified":"2024-04-22T06:21:33+00:00","breadcrumb":{"@id":"https:\/\/doctorcabanillas.com\/en\/articulos\/#breadcrumb"},"inLanguage":"en-US","potentialAction":[{"@type":"ReadAction","target":["https:\/\/doctorcabanillas.com\/en\/articulos\/"]}]},{"@type":"BreadcrumbList","@id":"https:\/\/doctorcabanillas.com\/en\/articulos\/#breadcrumb","itemListElement":[{"@type":"ListItem","position":1,"name":"Portada","item":"https:\/\/doctorcabanillas.com\/"},{"@type":"ListItem","position":2,"name":"Art\u00edculos"}]},{"@type":"WebSite","@id":"https:\/\/doctorcabanillas.com\/#website","url":"https:\/\/doctorcabanillas.com\/","name":"Doctor Cabanillas","description":"Geriatr\u00eda, Medicina Interna e Investigaci\u00f3n.","publisher":{"@id":"https:\/\/doctorcabanillas.com\/#organization"},"potentialAction":[{"@type":"SearchAction","target":{"@type":"EntryPoint","urlTemplate":"https:\/\/doctorcabanillas.com\/?s={search_term_string}"},"query-input":"required name=search_term_string"}],"inLanguage":"en-US"},{"@type":"Organization","@id":"https:\/\/doctorcabanillas.com\/#organization","name":"Doctor Gerardo Cabanillas","url":"https:\/\/doctorcabanillas.com\/","logo":{"@type":"ImageObject","inLanguage":"en-US","@id":"https:\/\/doctorcabanillas.com\/#\/schema\/logo\/image\/","url":"https:\/\/doctorcabanillas.com\/wp-content\/uploads\/2024\/02\/cropped-Gerardo-Cabnillas.png","contentUrl":"https:\/\/doctorcabanillas.com\/wp-content\/uploads\/2024\/02\/cropped-Gerardo-Cabnillas.png","width":565,"height":272,"caption":"Doctor Gerardo Cabanillas"},"image":{"@id":"https:\/\/doctorcabanillas.com\/#\/schema\/logo\/image\/"},"sameAs":["https:\/\/www.facebook.com\/dr.gerardocabanillas","https:\/\/www.instagram.com\/dr.gerardocabanillas","https:\/\/www.linkedin.com\/in\/gcabanillasmd"]}]}},"_links":{"self":[{"href":"https:\/\/doctorcabanillas.com\/en\/wp-json\/wp\/v2\/pages\/1254"}],"collection":[{"href":"https:\/\/doctorcabanillas.com\/en\/wp-json\/wp\/v2\/pages"}],"about":[{"href":"https:\/\/doctorcabanillas.com\/en\/wp-json\/wp\/v2\/types\/page"}],"author":[{"embeddable":true,"href":"https:\/\/doctorcabanillas.com\/en\/wp-json\/wp\/v2\/users\/1"}],"replies":[{"embeddable":true,"href":"https:\/\/doctorcabanillas.com\/en\/wp-json\/wp\/v2\/comments?post=1254"}],"version-history":[{"count":11,"href":"https:\/\/doctorcabanillas.com\/en\/wp-json\/wp\/v2\/pages\/1254\/revisions"}],"predecessor-version":[{"id":2134,"href":"https:\/\/doctorcabanillas.com\/en\/wp-json\/wp\/v2\/pages\/1254\/revisions\/2134"}],"wp:attachment":[{"href":"https:\/\/doctorcabanillas.com\/en\/wp-json\/wp\/v2\/media?parent=1254"}],"curies":[{"name":"wp","href":"https:\/\/api.w.org\/{rel}","templated":true}]}}