{"id":48,"date":"2023-11-21T05:26:40","date_gmt":"2023-11-21T05:26:40","guid":{"rendered":"https:\/\/doctorcabanillas.com\/?page_id=48"},"modified":"2024-05-23T16:16:17","modified_gmt":"2024-05-23T16:16:17","slug":"servicios","status":"publish","type":"page","link":"https:\/\/doctorcabanillas.com\/en\/servicios\/","title":{"rendered":"Services"},"content":{"rendered":"<h1 class=\"gb-headline gb-headline-2498fd13 gb-headline-text gb-headline-Headline-page\">We offer extensive experience<\/h1><div class=\"gb-container gb-container-b9720403\">\n<p>Attention and work for the welfare of their patients. It offers a warm and sympathetic. Committed to the quality of care, and we keep up to date on the latest advances in geriatrics.<\/p>\n<\/div><div class=\"gb-grid-wrapper gb-grid-wrapper-341c8afe\">\n<div class=\"gb-grid-column gb-grid-column-2d96eb10\"><div class=\"gb-container gb-container-2d96eb10\"><\/div><\/div>\n\n<div class=\"gb-grid-column gb-grid-column-4a6b8043\"><div class=\"gb-container gb-container-4a6b8043\"><\/div><\/div>\n\n<div class=\"gb-grid-column gb-grid-column-526cd47d\"><div class=\"gb-container gb-container-526cd47d\"><\/div><\/div>\n<\/div><div class=\"gb-container gb-container-717bfcc8\">\n<div class=\"gb-container gb-container-64859da0 gb-container-main\">\n<div class=\"gb-container gb-container-a9a4a2e6\">\n<div class=\"wp-block-columns is-layout-flex wp-container-core-columns-is-layout-1 wp-block-columns-is-layout-flex\">\n<div class=\"wp-block-column is-layout-flow wp-block-column-is-layout-flow\">\n<div class=\"gb-container gb-container-7299b7cc\">\n<figure class=\"gb-block-image gb-block-image-2c84778a\"><img loading=\"lazy\" decoding=\"async\" width=\"600\" height=\"338\" class=\"gb-image gb-image-2c84778a\" src=\"https:\/\/doctorcabanillas.com\/wp-content\/uploads\/2024\/03\/servicios-consultas-medicas-2.jpg\" alt=\"\" title=\"services-consultation-medical-2\" srcset=\"https:\/\/doctorcabanillas.com\/wp-content\/uploads\/2024\/03\/servicios-consultas-medicas-2.jpg 600w, https:\/\/doctorcabanillas.com\/wp-content\/uploads\/2024\/03\/servicios-consultas-medicas-2-300x169.jpg 300w\" sizes=\"(max-width: 600px) 100vw, 600px\" \/><\/figure>\n<h3 class=\"gb-headline gb-headline-60b91f0e gb-headline-text\"><strong>Medical consultations<\/strong><\/h3>\n<p class=\"gb-headline gb-headline-98657eef gb-headline-text\">Medical consultations for people older than 65 years.<\/p>\n<\/div>\n<\/div>\n<div class=\"wp-block-column is-layout-flow wp-block-column-is-layout-flow\">\n<div class=\"gb-container gb-container-0ba6d6c3\">\n<figure class=\"gb-block-image gb-block-image-8464257f\"><img loading=\"lazy\" decoding=\"async\" width=\"600\" height=\"338\" class=\"gb-image gb-image-8464257f\" src=\"https:\/\/doctorcabanillas.com\/wp-content\/uploads\/2024\/03\/servicios-evaluaciones-geriatricas-2.jpg\" alt=\"\" title=\"services-assessments-nursing-2\" srcset=\"https:\/\/doctorcabanillas.com\/wp-content\/uploads\/2024\/03\/servicios-evaluaciones-geriatricas-2.jpg 600w, https:\/\/doctorcabanillas.com\/wp-content\/uploads\/2024\/03\/servicios-evaluaciones-geriatricas-2-300x169.jpg 300w\" sizes=\"(max-width: 600px) 100vw, 600px\" \/><\/figure>\n<h3 class=\"gb-headline gb-headline-9d4263d1 gb-headline-text\"><strong>Geriatric assessments<\/strong><\/h3>\n<p class=\"gb-headline gb-headline-c57c0410 gb-headline-text\">Geriatric assessments to identify and assess the risks to health of older persons.<\/p>\n<\/div>\n<\/div>\n<div class=\"wp-block-column is-layout-flow wp-block-column-is-layout-flow\">\n<div class=\"gb-container gb-container-e57ec9b6\">\n<figure class=\"gb-block-image gb-block-image-dc85e578\"><img loading=\"lazy\" decoding=\"async\" width=\"600\" height=\"338\" class=\"gb-image gb-image-dc85e578\" src=\"https:\/\/doctorcabanillas.com\/wp-content\/uploads\/2024\/03\/servicios-tratamiento-de-enfermedades-cronicas-2.jpg\" alt=\"\" title=\"services-treatment-of-diseases-chronic-2\" srcset=\"https:\/\/doctorcabanillas.com\/wp-content\/uploads\/2024\/03\/servicios-tratamiento-de-enfermedades-cronicas-2.jpg 600w, https:\/\/doctorcabanillas.com\/wp-content\/uploads\/2024\/03\/servicios-tratamiento-de-enfermedades-cronicas-2-300x169.jpg 300w\" sizes=\"(max-width: 600px) 100vw, 600px\" \/><\/figure>\n<h3 class=\"gb-headline gb-headline-95145655 gb-headline-text\"><strong><strong>Treatment of chronic diseases<\/strong><\/strong><\/h3>\n<p class=\"gb-headline gb-headline-ca697a6b gb-headline-text\">Treats a wide range of chronic diseases, such as diabetes, hypertension and heart disease<\/p>\n<\/div>\n<\/div>\n<\/div>\n\n<div class=\"wp-block-columns is-layout-flex wp-container-core-columns-is-layout-2 wp-block-columns-is-layout-flex\">\n<div class=\"wp-block-column is-layout-flow wp-block-column-is-layout-flow\">\n<div class=\"gb-container gb-container-13853db6\">\n<figure class=\"gb-block-image gb-block-image-52335e2f\"><img loading=\"lazy\" decoding=\"async\" width=\"600\" height=\"338\" class=\"gb-image gb-image-52335e2f\" src=\"https:\/\/doctorcabanillas.com\/wp-content\/uploads\/2024\/03\/servicios-prevencion-de-caidas-2.jpg\" alt=\"\" title=\"services-prevention-of-fall-2\" srcset=\"https:\/\/doctorcabanillas.com\/wp-content\/uploads\/2024\/03\/servicios-prevencion-de-caidas-2.jpg 600w, https:\/\/doctorcabanillas.com\/wp-content\/uploads\/2024\/03\/servicios-prevencion-de-caidas-2-300x169.jpg 300w\" sizes=\"(max-width: 600px) 100vw, 600px\" \/><\/figure>\n<h3 class=\"gb-headline gb-headline-53767bfa gb-headline-text\"><strong><strong>Prevention of falls<\/strong><\/strong><\/h3>\n<p class=\"gb-headline gb-headline-79242543 gb-headline-text\">She provides advice and education to help the elderly to help prevent falls.<\/p>\n<\/div>\n<\/div>\n<div class=\"wp-block-column is-layout-flow wp-block-column-is-layout-flow\">\n<div class=\"gb-container gb-container-0bada50f\">\n<figure class=\"gb-block-image gb-block-image-6022e4ca\"><img loading=\"lazy\" decoding=\"async\" width=\"600\" height=\"338\" class=\"gb-image gb-image-6022e4ca\" src=\"https:\/\/doctorcabanillas.com\/wp-content\/uploads\/2024\/03\/servicios-terapia-fisica-y-ocupacional-2.jpg\" alt=\"\" title=\"services-therapy-physical-and-occupational-2\" srcset=\"https:\/\/doctorcabanillas.com\/wp-content\/uploads\/2024\/03\/servicios-terapia-fisica-y-ocupacional-2.jpg 600w, https:\/\/doctorcabanillas.com\/wp-content\/uploads\/2024\/03\/servicios-terapia-fisica-y-ocupacional-2-300x169.jpg 300w\" sizes=\"(max-width: 600px) 100vw, 600px\" \/><\/figure>\n<h3 class=\"gb-headline gb-headline-cd309861 gb-headline-text\"><strong><strong>Physical and occupational therapy<\/strong><\/strong><\/h3>\n<p class=\"gb-headline gb-headline-a9f5db1a gb-headline-text\">Working with physical therapists and occupational therapists to help older people maintain their independence.<\/p>\n<\/div>\n<\/div>\n<div class=\"wp-block-column is-layout-flow wp-block-column-is-layout-flow\">\n<div class=\"gb-container gb-container-c57ab61c\">\n<figure class=\"gb-block-image gb-block-image-f2858c04\"><img loading=\"lazy\" decoding=\"async\" width=\"600\" height=\"338\" class=\"gb-image gb-image-f2858c04\" src=\"https:\/\/doctorcabanillas.com\/wp-content\/uploads\/2024\/03\/servicios-qsesoramiento-nutricional-2.jpg\" alt=\"\" title=\"services-qsesoramiento-nutrition-2\" srcset=\"https:\/\/doctorcabanillas.com\/wp-content\/uploads\/2024\/03\/servicios-qsesoramiento-nutricional-2.jpg 600w, https:\/\/doctorcabanillas.com\/wp-content\/uploads\/2024\/03\/servicios-qsesoramiento-nutricional-2-300x169.jpg 300w\" sizes=\"(max-width: 600px) 100vw, 600px\" \/><\/figure>\n<h3 class=\"gb-headline gb-headline-e8039a56 gb-headline-text\"><strong><strong><strong>Nutritional counseling<\/strong><\/strong><\/strong><\/h3>\n<p class=\"gb-headline gb-headline-fac6157a gb-headline-text\">We provide nutritional advice to help older people to maintain a healthy diet<\/p>\n<\/div>\n<\/div>\n<\/div>\n<\/div>\n<\/div>\n<\/div><p><\/p>","protected":false},"excerpt":{"rendered":"<p>Ofrecemos amplia experiencia Atenci\u00f3n y trabajo por el bienestar de sus pacientes. Se ofrece un trato c\u00e1lido y comprensivo. Comprometidos con la calidad de la atenci\u00f3n, y nos mantenemos actualizados en los \u00faltimos avances de la geriatr\u00eda. Consultas m\u00e9dicas Consultas m\u00e9dicas para personas mayores de 65 a\u00f1os. Evaluaciones geri\u00e1tricas Evaluaciones geri\u00e1tricas para identificar y evaluar &#8230; <a title=\"Services\" class=\"read-more\" href=\"https:\/\/doctorcabanillas.com\/en\/servicios\/\" aria-label=\"Read more about Servicios\">Read more<\/a><\/p>","protected":false},"author":1,"featured_media":679,"parent":0,"menu_order":0,"comment_status":"closed","ping_status":"closed","template":"","meta":{"footnotes":""},"yoast_head":"<!-- This site is optimized with the Yoast SEO plugin v21.8.1 - https:\/\/yoast.com\/wordpress\/plugins\/seo\/ -->\n<title>Servicios - Geriatr\u00eda y Medicina Interna - Dr. Gerardo Cabanillas<\/title>\n<meta name=\"robots\" content=\"index, follow, max-snippet:-1, max-image-preview:large, max-video-preview:-1\" \/>\n<link rel=\"canonical\" href=\"https:\/\/doctorcabanillas.com\/en\/servicios\/\" \/>\n<meta property=\"og:locale\" content=\"en_US\" \/>\n<meta property=\"og:type\" content=\"article\" \/>\n<meta property=\"og:title\" content=\"Servicios - Geriatr\u00eda y Medicina Interna - Dr. Gerardo Cabanillas\" \/>\n<meta property=\"og:description\" content=\"Ofrecemos amplia experiencia Atenci\u00f3n y trabajo por el bienestar de sus pacientes. Se ofrece un trato c\u00e1lido y comprensivo. Comprometidos con la calidad de la atenci\u00f3n, y nos mantenemos actualizados en los \u00faltimos avances de la geriatr\u00eda. Consultas m\u00e9dicas Consultas m\u00e9dicas para personas mayores de 65 a\u00f1os. Evaluaciones geri\u00e1tricas Evaluaciones geri\u00e1tricas para identificar y evaluar ... Read more\" \/>\n<meta property=\"og:url\" content=\"https:\/\/doctorcabanillas.com\/en\/servicios\/\" \/>\n<meta property=\"og:site_name\" content=\"Geriatr\u00eda y Medicina Interna - Dr. Gerardo Cabanillas\" \/>\n<meta property=\"article:publisher\" content=\"https:\/\/www.facebook.com\/dr.gerardocabanillas\" \/>\n<meta property=\"article:modified_time\" content=\"2024-05-23T16:16:17+00:00\" \/>\n<meta property=\"og:image\" content=\"https:\/\/doctorcabanillas.com\/wp-content\/uploads\/2023\/12\/foto5.jpg\" \/>\n\t<meta property=\"og:image:width\" content=\"1920\" \/>\n\t<meta property=\"og:image:height\" content=\"1280\" \/>\n\t<meta property=\"og:image:type\" content=\"image\/jpeg\" \/>\n<meta name=\"twitter:card\" content=\"summary_large_image\" \/>\n<meta name=\"twitter:label1\" content=\"Est. reading time\" \/>\n\t<meta name=\"twitter:data1\" content=\"3 minutes\" \/>\n<script type=\"application\/ld+json\" class=\"yoast-schema-graph\">{\"@context\":\"https:\/\/schema.org\",\"@graph\":[{\"@type\":\"WebPage\",\"@id\":\"https:\/\/doctorcabanillas.com\/servicios\/\",\"url\":\"https:\/\/doctorcabanillas.com\/servicios\/\",\"name\":\"Servicios - Geriatr\u00eda y Medicina Interna - Dr. Gerardo Cabanillas\",\"isPartOf\":{\"@id\":\"https:\/\/doctorcabanillas.com\/#website\"},\"datePublished\":\"2023-11-21T05:26:40+00:00\",\"dateModified\":\"2024-05-23T16:16:17+00:00\",\"breadcrumb\":{\"@id\":\"https:\/\/doctorcabanillas.com\/servicios\/#breadcrumb\"},\"inLanguage\":\"en-US\",\"potentialAction\":[{\"@type\":\"ReadAction\",\"target\":[\"https:\/\/doctorcabanillas.com\/servicios\/\"]}]},{\"@type\":\"BreadcrumbList\",\"@id\":\"https:\/\/doctorcabanillas.com\/servicios\/#breadcrumb\",\"itemListElement\":[{\"@type\":\"ListItem\",\"position\":1,\"name\":\"Portada\",\"item\":\"https:\/\/doctorcabanillas.com\/\"},{\"@type\":\"ListItem\",\"position\":2,\"name\":\"Servicios\"}]},{\"@type\":\"WebSite\",\"@id\":\"https:\/\/doctorcabanillas.com\/#website\",\"url\":\"https:\/\/doctorcabanillas.com\/\",\"name\":\"Doctor Cabanillas\",\"description\":\"Geriatr\u00eda, Medicina Interna e Investigaci\u00f3n.\",\"publisher\":{\"@id\":\"https:\/\/doctorcabanillas.com\/#organization\"},\"potentialAction\":[{\"@type\":\"SearchAction\",\"target\":{\"@type\":\"EntryPoint\",\"urlTemplate\":\"https:\/\/doctorcabanillas.com\/?s={search_term_string}\"},\"query-input\":\"required name=search_term_string\"}],\"inLanguage\":\"en-US\"},{\"@type\":\"Organization\",\"@id\":\"https:\/\/doctorcabanillas.com\/#organization\",\"name\":\"Doctor Gerardo Cabanillas\",\"url\":\"https:\/\/doctorcabanillas.com\/\",\"logo\":{\"@type\":\"ImageObject\",\"inLanguage\":\"en-US\",\"@id\":\"https:\/\/doctorcabanillas.com\/#\/schema\/logo\/image\/\",\"url\":\"https:\/\/doctorcabanillas.com\/wp-content\/uploads\/2024\/02\/cropped-Gerardo-Cabnillas.png\",\"contentUrl\":\"https:\/\/doctorcabanillas.com\/wp-content\/uploads\/2024\/02\/cropped-Gerardo-Cabnillas.png\",\"width\":565,\"height\":272,\"caption\":\"Doctor Gerardo Cabanillas\"},\"image\":{\"@id\":\"https:\/\/doctorcabanillas.com\/#\/schema\/logo\/image\/\"},\"sameAs\":[\"https:\/\/www.facebook.com\/dr.gerardocabanillas\",\"https:\/\/www.instagram.com\/dr.gerardocabanillas\",\"https:\/\/www.linkedin.com\/in\/gcabanillasmd\"]}]}<\/script>\n<!-- \/ Yoast SEO plugin. -->","yoast_head_json":{"title":"Servicios - Geriatr\u00eda y Medicina Interna - Dr. Gerardo Cabanillas","robots":{"index":"index","follow":"follow","max-snippet":"max-snippet:-1","max-image-preview":"max-image-preview:large","max-video-preview":"max-video-preview:-1"},"canonical":"https:\/\/doctorcabanillas.com\/en\/servicios\/","og_locale":"en_US","og_type":"article","og_title":"Servicios - Geriatr\u00eda y Medicina Interna - Dr. Gerardo Cabanillas","og_description":"Ofrecemos amplia experiencia Atenci\u00f3n y trabajo por el bienestar de sus pacientes. Se ofrece un trato c\u00e1lido y comprensivo. Comprometidos con la calidad de la atenci\u00f3n, y nos mantenemos actualizados en los \u00faltimos avances de la geriatr\u00eda. Consultas m\u00e9dicas Consultas m\u00e9dicas para personas mayores de 65 a\u00f1os. Evaluaciones geri\u00e1tricas Evaluaciones geri\u00e1tricas para identificar y evaluar ... Read more","og_url":"https:\/\/doctorcabanillas.com\/en\/servicios\/","og_site_name":"Geriatr\u00eda y Medicina Interna - Dr. Gerardo Cabanillas","article_publisher":"https:\/\/www.facebook.com\/dr.gerardocabanillas","article_modified_time":"2024-05-23T16:16:17+00:00","og_image":[{"width":1920,"height":1280,"url":"https:\/\/doctorcabanillas.com\/wp-content\/uploads\/2023\/12\/foto5.jpg","type":"image\/jpeg"}],"twitter_card":"summary_large_image","twitter_misc":{"Est. reading time":"3 minutes"},"schema":{"@context":"https:\/\/schema.org","@graph":[{"@type":"WebPage","@id":"https:\/\/doctorcabanillas.com\/servicios\/","url":"https:\/\/doctorcabanillas.com\/servicios\/","name":"Servicios - Geriatr\u00eda y Medicina Interna - Dr. Gerardo Cabanillas","isPartOf":{"@id":"https:\/\/doctorcabanillas.com\/#website"},"datePublished":"2023-11-21T05:26:40+00:00","dateModified":"2024-05-23T16:16:17+00:00","breadcrumb":{"@id":"https:\/\/doctorcabanillas.com\/servicios\/#breadcrumb"},"inLanguage":"en-US","potentialAction":[{"@type":"ReadAction","target":["https:\/\/doctorcabanillas.com\/servicios\/"]}]},{"@type":"BreadcrumbList","@id":"https:\/\/doctorcabanillas.com\/servicios\/#breadcrumb","itemListElement":[{"@type":"ListItem","position":1,"name":"Portada","item":"https:\/\/doctorcabanillas.com\/"},{"@type":"ListItem","position":2,"name":"Servicios"}]},{"@type":"WebSite","@id":"https:\/\/doctorcabanillas.com\/#website","url":"https:\/\/doctorcabanillas.com\/","name":"Doctor Cabanillas","description":"Geriatr\u00eda, Medicina Interna e Investigaci\u00f3n.","publisher":{"@id":"https:\/\/doctorcabanillas.com\/#organization"},"potentialAction":[{"@type":"SearchAction","target":{"@type":"EntryPoint","urlTemplate":"https:\/\/doctorcabanillas.com\/?s={search_term_string}"},"query-input":"required name=search_term_string"}],"inLanguage":"en-US"},{"@type":"Organization","@id":"https:\/\/doctorcabanillas.com\/#organization","name":"Doctor Gerardo Cabanillas","url":"https:\/\/doctorcabanillas.com\/","logo":{"@type":"ImageObject","inLanguage":"en-US","@id":"https:\/\/doctorcabanillas.com\/#\/schema\/logo\/image\/","url":"https:\/\/doctorcabanillas.com\/wp-content\/uploads\/2024\/02\/cropped-Gerardo-Cabnillas.png","contentUrl":"https:\/\/doctorcabanillas.com\/wp-content\/uploads\/2024\/02\/cropped-Gerardo-Cabnillas.png","width":565,"height":272,"caption":"Doctor Gerardo Cabanillas"},"image":{"@id":"https:\/\/doctorcabanillas.com\/#\/schema\/logo\/image\/"},"sameAs":["https:\/\/www.facebook.com\/dr.gerardocabanillas","https:\/\/www.instagram.com\/dr.gerardocabanillas","https:\/\/www.linkedin.com\/in\/gcabanillasmd"]}]}},"_links":{"self":[{"href":"https:\/\/doctorcabanillas.com\/en\/wp-json\/wp\/v2\/pages\/48"}],"collection":[{"href":"https:\/\/doctorcabanillas.com\/en\/wp-json\/wp\/v2\/pages"}],"about":[{"href":"https:\/\/doctorcabanillas.com\/en\/wp-json\/wp\/v2\/types\/page"}],"author":[{"embeddable":true,"href":"https:\/\/doctorcabanillas.com\/en\/wp-json\/wp\/v2\/users\/1"}],"replies":[{"embeddable":true,"href":"https:\/\/doctorcabanillas.com\/en\/wp-json\/wp\/v2\/comments?post=48"}],"version-history":[{"count":31,"href":"https:\/\/doctorcabanillas.com\/en\/wp-json\/wp\/v2\/pages\/48\/revisions"}],"predecessor-version":[{"id":2237,"href":"https:\/\/doctorcabanillas.com\/en\/wp-json\/wp\/v2\/pages\/48\/revisions\/2237"}],"wp:featuredmedia":[{"embeddable":true,"href":"https:\/\/doctorcabanillas.com\/en\/wp-json\/wp\/v2\/media\/679"}],"wp:attachment":[{"href":"https:\/\/doctorcabanillas.com\/en\/wp-json\/wp\/v2\/media?parent=48"}],"curies":[{"name":"wp","href":"https:\/\/api.w.org\/{rel}","templated":true}]}}